{"id":6,"date":"2016-05-18T16:44:45","date_gmt":"2016-05-18T15:44:45","guid":{"rendered":"https:\/\/www.annonce-demenagement.com\/?page_id=6"},"modified":"2022-04-20T22:57:11","modified_gmt":"2022-04-20T21:57:11","slug":"demenageur","status":"publish","type":"page","link":"https:\/\/www.annonce-demenagement.com\/","title":{"rendered":"Demenageur"},"content":{"rendered":"<h2>D\u00e9m\u00e9nager: enfin la solution!<img loading=\"lazy\" decoding=\"async\" class=\"alignright size-full wp-image-13\" src=\"https:\/\/www.annonce-demenagement.com\/wp-content\/uploads\/2016\/05\/6.jpeg.jpg\" alt=\"6.jpeg\" width=\"241\" height=\"209\" \/><\/h2>\n<div id=\"textpreview\">C&#8217;est bient\u00f4t l&#8217;\u00e9t\u00e9 et les d\u00e9m\u00e9nagements commencent \u00e0 se pr\u00e9parer. Un d\u00e9m\u00e9nagement \u00e7a s&#8217;anticipe, \u00e7a se pr\u00e9voit tr\u00e8s longtemps \u00e0 l&#8217;avance. Il y a tellement de choses a faire, \u00e0 penser.On cherche donc \u00e0 faire un devis gratuitement aupr\u00e8s de <a href=\"https:\/\/www.demenageur.com\/\">d\u00e9m\u00e9nageurs<\/a> performants et surtout pas chers.<\/div>\n<div>\n<p>Car quand on d\u00e9m\u00e9nage, il faut tout prendre en compte: les cartons \u00e0 faire, \u00e0 porter et \u00e0 transporter, la location de camion, la fatigue et le stress que cela peut engendrer. Quand on d\u00e9m\u00e9nage, on oublie forc\u00e9ment un de ces points. Il y a quelques ann\u00e9es, faire appel \u00e0 des professionnels pouvait co\u00fbter tr\u00e8s cher. Donc, on faisait appel aux amis, bien gentils de passer le week end \u00e0 d\u00e9m\u00e9nager. Cette fa\u00e7on de proc\u00e9der peut \u00eatre envisager quand vous ne d\u00e9m\u00e9nagez pas loin, quand votre nouvelle maison ou votre nouvel appartement se trouve pr\u00e8s de votre ancien foyer. Qu&#8217;en est-il quand il faut traverser la France? Que faut il faire quand vous avez beaucoup de cartons \u00e0 transporter? Beaucoup d&#8217;objets fragiles?<\/p>\n<\/div>\n<h2>Des cartons de d\u00e9m\u00e9nagement.<\/h2>\n<div>\n<p>Avant, on allait dans les supermarch\u00e9s demander des carton d\u00e9m\u00e9nagement pour faire son d\u00e9m\u00e9nagement. Mais ces cartons ne sont pas de bonne qualit\u00e9. Tout d&#8217;abord, ils s&#8217;ouvrent facilement et doivent \u00eatre solidement consolid\u00e9s si vous ne voulez pas voir vos affaires tomber. Puis, ils sont de formes diff\u00e9rentes. Il sera difficile de les empiler dans le camion. Aujourd&#8217;hui, on peut acheter des cartons de d\u00e9m\u00e9nagement \u00e0 moindre co\u00fbt. Ils sont \u00e9tudi\u00e9s pour le d\u00e9m\u00e9nagement. Ils sont de formes et de tailles diff\u00e9rentes selon vos besoins. N&#8217;oubliez pas de noter ce que contiennent vos cartons. Notez la mention&#8221; fragile&#8221; quand c&#8217;est n\u00e9cessaire. D\u00e9taillez au maximum le contenu de vos cartons. Une fois qu&#8217;ils seront d\u00e9pos\u00e9s chez vous, vus n&#8217;allez pas les d\u00e9baller tout de suite mais il vous faudra quand m\u00eame certaines affaires comme de la vaisselle, des v\u00eatements. Pensez donc \u00e0 soit faire un carton de premi\u00e8re n\u00e9cessit\u00e9 soit pensez \u00e0 bien noter ce que vos cartons renferment. Prenez conseils aupr\u00e8s de d\u00e9m\u00e9nageurs professionnels comme afin que la gestion des cartons se fasse en toute tranquillit\u00e9.<\/p>\n<\/div>\n<h2>Des d\u00e9m\u00e9nageurs: de vrais professionnels.<\/h2>\n<div>\n<p>En faisant appel \u00e0 des d\u00e9m\u00e9nageurs, vous vous offrez les servies de personnes efficaces, de qualit\u00e9, s\u00e9rieuses et surtout soigneuses. Ils vont pendre soin de vos objets et de vos attentes. Ils sont tr\u00e8s m\u00e9thodiques et efficaces. vous, vous auriez pris un voire deux jours pour tout d\u00e9m\u00e9nager, eux vous prendre quelques heures et le r\u00e9sultat sera parfait. Ils vont analyser vos besoins afin d&#8217;y r\u00e9pondre. Vous avez besoins d&#8217;un camion de 20 m3? Ou plus? C&#8217;est en faisant un devis, gratuitement qui plus est, que les d\u00e9m\u00e9nageurs pourront vous proposer un prix au plus pr\u00e8s de vos besoins. Il est possible de faire des devis en ligne. Il est important de bien savoir \u00e9valuer les besoins avant de faire un devis. L&#8217;\u0153il de l&#8217;expert est tout de m\u00eame plus appropri\u00e9. Vous avez besoin d&#8217;un \u00e9l\u00e9vateur pour porter vos objets tr\u00e8s lourds? Les d\u00e9m\u00e9nageurs vous le proposent en fonction de vos besoins. Vous pouvez faire plusieurs devis sur internet afin de trouver la soci\u00e9t\u00e9 de d\u00e9m\u00e9nagement qui vous correspond. N&#8217;h\u00e9sitez pas \u00e0 comparer les prix et les prestations. Il est int\u00e9ressant \u00e9galement d&#8217;aller faire un tour sur les forums. Vous trouverez les avis de ceux et celles qui ont fait appel aux diff\u00e9rentes soci\u00e9t\u00e9s de d\u00e9m\u00e9nagement. Bien entendu, restez objectifs. Prenez rendez vous avec les soci\u00e9t\u00e9s afin de vous faire votre propre avis.<\/p>\n<\/div>\n<h2>Des entreprises de d\u00e9m\u00e9nagement pr\u00e8s de chez vous.<\/h2>\n<div>\n<p>Elles se sont multipli\u00e9es ces derniers sonn\u00e9s. Prenez le temps de choisir celle qui vous convient. Prenez le temps aussi de discuter avec les de mangeurs. N&#8217;h\u00e9sitez pas \u00e0 poser vos questions. Le jour de votre d\u00e9m\u00e9nagement, tout doit \u00eatre pr\u00eat. Allez faire un tour sur leur site internet, leur page Facebook par exemple. Si vous n&#8217;osez pzs, vous pouvez prendre contact avec eux par mail. Si vous avez \u00e9t\u00e9 satisfait de leurs prestations, \u00e0 vous de donner votre avis.<\/p>\n<p>Une fois que vos cartons sont enfin dans votre nouvel appartement ou dans votre nouvelle maison, c&#8217;est \u00e0 votre tour de travailler. Tous vos cartons sont arriv\u00e9s \u00e0 bon port, sans aucune casse. Maintenant, vous allez devoir les d\u00e9baller!<\/p>\n<\/div>\n","protected":false},"excerpt":{"rendered":"<p>D\u00e9m\u00e9nager: enfin la solution! C&#8217;est bient\u00f4t l&#8217;\u00e9t\u00e9 et les d\u00e9m\u00e9nagements commencent \u00e0 se pr\u00e9parer. Un d\u00e9m\u00e9nagement \u00e7a s&#8217;anticipe, \u00e7a se pr\u00e9voit tr\u00e8s longtemps \u00e0 l&#8217;avance. Il y a tellement de choses a faire, \u00e0 penser.On cherche donc \u00e0 faire un devis gratuitement aupr\u00e8s de d\u00e9m\u00e9nageurs performants et surtout pas chers. Car quand on d\u00e9m\u00e9nage, il [&hellip;]<\/p>\n","protected":false},"author":1,"featured_media":0,"parent":0,"menu_order":0,"comment_status":"closed","ping_status":"closed","template":"","meta":{"_seopress_robots_primary_cat":"","_seopress_titles_title":"","_seopress_titles_desc":"","_seopress_robots_index":"","footnotes":""},"class_list":["post-6","page","type-page","status-publish","hentry"],"_links":{"self":[{"href":"https:\/\/www.annonce-demenagement.com\/index.php\/wp-json\/wp\/v2\/pages\/6","targetHints":{"allow":["GET"]}}],"collection":[{"href":"https:\/\/www.annonce-demenagement.com\/index.php\/wp-json\/wp\/v2\/pages"}],"about":[{"href":"https:\/\/www.annonce-demenagement.com\/index.php\/wp-json\/wp\/v2\/types\/page"}],"author":[{"embeddable":true,"href":"https:\/\/www.annonce-demenagement.com\/index.php\/wp-json\/wp\/v2\/users\/1"}],"replies":[{"embeddable":true,"href":"https:\/\/www.annonce-demenagement.com\/index.php\/wp-json\/wp\/v2\/comments?post=6"}],"version-history":[{"count":9,"href":"https:\/\/www.annonce-demenagement.com\/index.php\/wp-json\/wp\/v2\/pages\/6\/revisions"}],"predecessor-version":[{"id":21,"href":"https:\/\/www.annonce-demenagement.com\/index.php\/wp-json\/wp\/v2\/pages\/6\/revisions\/21"}],"wp:attachment":[{"href":"https:\/\/www.annonce-demenagement.com\/index.php\/wp-json\/wp\/v2\/media?parent=6"}],"curies":[{"name":"wp","href":"https:\/\/api.w.org\/{rel}","templated":true}]}}